{"id":102,"date":"2024-04-19T20:58:14","date_gmt":"2024-04-19T20:58:14","guid":{"rendered":"https:\/\/ksef24.com\/?page_id=102"},"modified":"2026-03-15T23:39:39","modified_gmt":"2026-03-15T23:39:39","slug":"ksef-changelog","status":"publish","type":"page","link":"https:\/\/ksef24.com\/en\/ksef-changelog\/","title":{"rendered":"KSeF \u2013 documentation changelog"},"content":{"rendered":"<h1 style=\"text-align: center;\">Changelog for <a href=\"\/en\/\">KSeF REST API documentation<\/a><\/h1>\n<p><strong>Version 2.1 from 2026-03-14<\/strong><\/p>\n<ul>\n<li>for surgery <a href=\"\/en\/ksef-bramka-black-box\/#boxUploadInvoice\">boxUploadInvoice<\/a> and <a href=\"\/en\/ksef-bramka-black-box\/#boxUploadBatch\">boxUploadBatch<\/a> the &quot;upo&quot; parameter has been added.<\/li>\n<li>to the status returned by <a href=\"\/en\/ksef-bramka-black-box\/#boxUploadInvoiceStatus\">boxUploadInvoiceStatus\u00a0<\/a>and <a href=\"\/en\/ksef-bramka-black-box\/#boxUploadBatchStatus\">boxUploadBatchStatus<\/a> the &quot;sessionId&quot; parameter with the KSeF session ID has been added.<\/li>\n<li>a new feature has been added <a href=\"\/en\/#ksefInvoiceLinks\">ksefInvoiceLinks<\/a>, which is used to generate links and QR codes.<\/li>\n<\/ul>\n<p><strong>Version 2.0 from 2025-12-31<\/strong><\/p>\n<p>Updated the REST interface to KSeF 2.0. Added operations dedicated to the KSeF Gateway (black-box).<\/p>\n<p><strong>Version 1.1 from 2024-04-19<\/strong><\/p>\n<p>Transferring documentation to a dedicated website (ksef24.com) and punctuation corrections.<\/p>\n<p><strong>Version 1.0 from 2024-04-18<\/strong><\/p>\n<p>Publishing the initial version of the documentation.<\/p>","protected":false},"excerpt":{"rendered":"<p>Wykaz zmian dla dokumentacji REST API KSeF Wersja 2.1 z dnia 2026-03-14 do operacji boxUploadInvoice oraz boxUploadBatch zosta\u0142 dodany parametr &#8222;upo&#8221;. do statusu zwracanego przez boxUploadInvoiceStatus\u00a0oraz boxUploadBatchStatus zosta\u0142 dodany parametr &#8222;sessionId&#8221; z identyfikatorem sesji KSeF. zosta\u0142a dodana nowa funkcja ksefInvoiceLinks, kt\u00f3ra s\u0142u\u017cy do generowania link\u00f3w i QR kod\u00f3w. Wersja 2.0 [&hellip;]<\/p>","protected":false},"author":1,"featured_media":0,"parent":0,"menu_order":0,"comment_status":"closed","ping_status":"closed","template":"page-templates\/template-fullwidth.php","meta":{"footnotes":""},"class_list":["post-102","page","type-page","status-publish","hentry"],"aioseo_notices":[],"_links":{"self":[{"href":"https:\/\/ksef24.com\/en\/wp-json\/wp\/v2\/pages\/102","targetHints":{"allow":["GET"]}}],"collection":[{"href":"https:\/\/ksef24.com\/en\/wp-json\/wp\/v2\/pages"}],"about":[{"href":"https:\/\/ksef24.com\/en\/wp-json\/wp\/v2\/types\/page"}],"author":[{"embeddable":true,"href":"https:\/\/ksef24.com\/en\/wp-json\/wp\/v2\/users\/1"}],"replies":[{"embeddable":true,"href":"https:\/\/ksef24.com\/en\/wp-json\/wp\/v2\/comments?post=102"}],"version-history":[{"count":0,"href":"https:\/\/ksef24.com\/en\/wp-json\/wp\/v2\/pages\/102\/revisions"}],"wp:attachment":[{"href":"https:\/\/ksef24.com\/en\/wp-json\/wp\/v2\/media?parent=102"}],"curies":[{"name":"wp","href":"https:\/\/api.w.org\/{rel}","templated":true}]}}